{"id":656,"date":"2021-07-07T15:30:01","date_gmt":"2021-07-07T14:30:01","guid":{"rendered":"https:\/\/martamantero.com\/contacts\/"},"modified":"2025-01-13T11:31:35","modified_gmt":"2025-01-13T11:31:35","slug":"contacts","status":"publish","type":"page","link":"https:\/\/martamantero.com\/en\/contacts\/","title":{"rendered":"Contacts"},"content":{"rendered":"<p>[vc_row full_width=&#8221;stretch_row_content_no_spaces&#8221; content_placement=&#8221;middle&#8221; el_id=&#8221;contacts-hero&#8221; el_class=&#8221;hero&#8211;section&#8221;][vc_column][vc_single_image image=&#8221;439&#8243; img_size=&#8221;full&#8221; el_class=&#8221;hero&#8211;img&#8221;][\/vc_column][\/vc_row][vc_row content_placement=&#8221;middle&#8221; el_class=&#8221;contacts-info-section&#8221;][vc_column][vc_column_text el_class=&#8221;contacts-info-block&#8221; el_id=&#8221;contacts-grandola&#8221;]GR\u00c2NDOLA<br \/>\n<a href=\"mailto:ricegrandola@martamantero.com\">ricegrandola@martamantero.com<\/a><br \/>\n<a href=\"tel:+351269448019\">+351 269 448 019<\/a><br \/>\nRua Dr. Jos\u00e9 Pereira Barradas 5,<br \/>\n7570-281 Gr\u00e2ndola[\/vc_column_text][\/vc_column][\/vc_row]<\/p>\n","protected":false},"excerpt":{"rendered":"<p>[vc_row full_width=&#8221;stretch_row_content_no_spaces&#8221; content_placement=&#8221;middle&#8221; el_id=&#8221;contacts-hero&#8221; el_class=&#8221;hero&#8211;section&#8221;][vc_column][vc_single_image image=&#8221;439&#8243; img_size=&#8221;full&#8221; el_class=&#8221;hero&#8211;img&#8221;][\/vc_column][\/vc_row][vc_row content_placement=&#8221;middle&#8221; el_class=&#8221;contacts-info-section&#8221;][vc_column][vc_column_text el_class=&#8221;contacts-info-block&#8221; el_id=&#8221;contacts-grandola&#8221;]GR\u00c2NDOLA ricegrandola@martamantero.com +351 269 448 019 Rua Dr. Jos\u00e9 Pereira Barradas 5, 7570-281 Gr\u00e2ndola[\/vc_column_text][\/vc_column][\/vc_row]<\/p>\n","protected":false},"author":1,"featured_media":0,"parent":0,"menu_order":0,"comment_status":"closed","ping_status":"closed","template":"","meta":{"inline_featured_image":false,"footnotes":""},"class_list":["post-656","page","type-page","status-publish","hentry"],"_links":{"self":[{"href":"https:\/\/martamantero.com\/en\/wp-json\/wp\/v2\/pages\/656","targetHints":{"allow":["GET"]}}],"collection":[{"href":"https:\/\/martamantero.com\/en\/wp-json\/wp\/v2\/pages"}],"about":[{"href":"https:\/\/martamantero.com\/en\/wp-json\/wp\/v2\/types\/page"}],"author":[{"embeddable":true,"href":"https:\/\/martamantero.com\/en\/wp-json\/wp\/v2\/users\/1"}],"replies":[{"embeddable":true,"href":"https:\/\/martamantero.com\/en\/wp-json\/wp\/v2\/comments?post=656"}],"version-history":[{"count":1,"href":"https:\/\/martamantero.com\/en\/wp-json\/wp\/v2\/pages\/656\/revisions"}],"predecessor-version":[{"id":902,"href":"https:\/\/martamantero.com\/en\/wp-json\/wp\/v2\/pages\/656\/revisions\/902"}],"wp:attachment":[{"href":"https:\/\/martamantero.com\/en\/wp-json\/wp\/v2\/media?parent=656"}],"curies":[{"name":"wp","href":"https:\/\/api.w.org\/{rel}","templated":true}]}}